{"id":2508,"date":"2024-09-13T01:21:54","date_gmt":"2024-09-13T01:21:54","guid":{"rendered":"https:\/\/demo.casethemes.net\/aimo\/?page_id=2508"},"modified":"2024-09-13T01:21:54","modified_gmt":"2024-09-13T01:21:54","slug":"candidatar-se-a-um-emprego","status":"publish","type":"page","link":"https:\/\/novahumanaiusa.com\/pt\/candidatar-se-a-um-emprego\/","title":{"rendered":"Candidatar-se a emprego"},"content":{"rendered":"<div data-elementor-type=\"wp-page\" data-elementor-id=\"2508\" class=\"elementor elementor-2508\">\n\t\t\t\t        <section class=\"elementor-section elementor-top-section elementor-element elementor-element-151d2f9 elementor-section-stretched elementor-section-boxed elementor-section-height-default elementor-section-height-default pxl-row-scroll-none none pxl-zoom-point-false pxl-section-overflow-visible pxl-section-fix-none pxl-bg-color-none pxl-section-overlay-none\" data-id=\"151d2f9\" data-element_type=\"section\" data-settings=\"{&quot;stretch_section&quot;:&quot;section-stretched&quot;}\">\n\n                \n                <div class=\"elementor-container elementor-column-gap-extended\">\n                <div class=\"elementor-column elementor-col-100 elementor-top-column elementor-element elementor-element-28785e3 pxl-column-none pxl-column-overflow-hidden-no\" data-id=\"28785e3\" data-element_type=\"column\">\r\n        <div class=\"elementor-widget-wrap elementor-element-populated\">\r\n                     \r\n        \t\t<div class=\"elementor-element elementor-element-1f16c2e elementor-absolute elementor-widget elementor-widget-pxl_image\" data-id=\"1f16c2e\" data-element_type=\"widget\" data-settings=\"{&quot;_position&quot;:&quot;absolute&quot;}\" data-widget_type=\"pxl_image.default\">\n\t\t\t\t<div class=\"elementor-widget-container\">\n\t\t\t\t\t<div id=\"pxl_image-1f16c2e-8061\" class=\"pxl-image-single pxl-disable-parallax-sm\" data-wow-delay=\"ms\"  >\r\n    <div class=\"pxl-item--inner\" data-wow-delay=\"120ms\">\r\n                \r\n                                <div class=\"pxl-item--image\" data-parallax-value=\"\">\r\n                                                    <img fetchpriority=\"high\" decoding=\"async\" width=\"743\" height=\"1668\" src=\"https:\/\/novahumanaiusa.com\/wp-content\/uploads\/2024\/09\/Group-3.png\" class=\"no-lazyload attachment-full\" alt=\"\" srcset=\"https:\/\/novahumanaiusa.com\/wp-content\/uploads\/2024\/09\/Group-3.png 743w, https:\/\/novahumanaiusa.com\/wp-content\/uploads\/2024\/09\/Group-3-600x1347.png 600w\" sizes=\"(max-width: 743px) 100vw, 743px\" \/>                                                                    <\/div>\r\n                                <\/div>\r\n<\/div>\t\t\t\t<\/div>\n\t\t\t\t<\/div>\n\t\t\t\t<div class=\"elementor-element elementor-element-f69ed0e elementor-absolute elementor-widget elementor-widget-pxl_image\" data-id=\"f69ed0e\" data-element_type=\"widget\" data-settings=\"{&quot;_position&quot;:&quot;absolute&quot;}\" data-widget_type=\"pxl_image.default\">\n\t\t\t\t<div class=\"elementor-widget-container\">\n\t\t\t\t\t<div id=\"pxl_image-f69ed0e-4190\" class=\"pxl-image-single pxl-disable-parallax-sm\" data-wow-delay=\"ms\"  >\r\n    <div class=\"pxl-item--inner\" data-wow-delay=\"120ms\">\r\n                \r\n                                <div class=\"pxl-item--image\" data-parallax-value=\"\">\r\n                                                    <img decoding=\"async\" width=\"1085\" height=\"1376\" src=\"https:\/\/novahumanaiusa.com\/wp-content\/uploads\/2024\/08\/Group-4.png\" class=\"no-lazyload attachment-full\" alt=\"\" srcset=\"https:\/\/novahumanaiusa.com\/wp-content\/uploads\/2024\/08\/Group-4.png 1085w, https:\/\/novahumanaiusa.com\/wp-content\/uploads\/2024\/08\/Group-4-600x761.png 600w\" sizes=\"(max-width: 1085px) 100vw, 1085px\" \/>                                                                    <\/div>\r\n                                <\/div>\r\n<\/div>\t\t\t\t<\/div>\n\t\t\t\t<\/div>\n\t\t\t\t<div class=\"elementor-element elementor-element-25eb244 elementor-widget elementor-widget-pxl_heading\" data-id=\"25eb244\" data-element_type=\"widget\" data-widget_type=\"pxl_heading.default\">\n\t\t\t\t<div class=\"elementor-widget-container\">\n\t\t\t\t\t\n<div id=\"pxl-pxl_heading-25eb244-7319\" class=\"pxl-heading  px-sub-title-default-style\">\n\t<div class=\"pxl-heading--inner\">\n\t\t\n\t\t<h3 class=\"pxl-item--title style-default highlight-default wow skewIn\" data-wow-delay=\"ms\">\n\n\t\t\t<span class=\"pxl-heading--text no\">\n\n\t\t\t\t\t\t\t\t\tEngenheiro de tecnologia\t\n\t\t\t\t\t\n\n\t\t\t<\/span>\n\t\t<\/h3>\n\t\t\n\t<\/div>\n<\/div>\n\n\n\n\n\t\t\t\t<\/div>\n\t\t\t\t<\/div>\n\t\t\t\t<div class=\"elementor-element elementor-element-555ee6f elementor-widget elementor-widget-pxl_button\" data-id=\"555ee6f\" data-element_type=\"widget\" data-widget_type=\"pxl_button.default\">\n\t\t\t\t<div class=\"elementor-widget-container\">\n\t\t\t\t\t<div id=\"pxl-pxl_button-555ee6f-2544\" class=\"pxl-button pxl-atc-link\" data-wow-delay=\"ms\">\r\n    <a href=\"https:\/\/novahumanaiusa.com\/pt\/career-page\/\" class=\"btn pxl-icon-active btn-block-inline  btn-icon-box4 pxl-icon--right\">\r\n                    <div class=\"pxl--btn-icon\">\r\n                <i aria-hidden=\"true\" class=\"flaticon flaticon-next\"><\/i>                                <\/div>\r\n                <span class=\"pxl--btn-text\" data-text=\"Back to Career Page\">\r\n            Voltar \u00e0 p\u00e1gina de carreiras        <\/span>\r\n    <\/a>\r\n<\/div>\t\t\t\t<\/div>\n\t\t\t\t<\/div>\n\t\t        <section class=\"elementor-section elementor-inner-section elementor-element elementor-element-c24fa65 elementor-section-boxed elementor-section-height-default elementor-section-height-default pxl-row-scroll-none none pxl-zoom-point-false pxl-section-overflow-visible pxl-section-fix-none pxl-bg-color-none pxl-section-overlay-none\" data-id=\"c24fa65\" data-element_type=\"section\">\n\n                \n                <div class=\"elementor-container elementor-column-gap-no\">\n                <div class=\"elementor-column elementor-col-100 elementor-inner-column elementor-element elementor-element-04c49cd pxl-column-none pxl-column-overflow-hidden-no\" data-id=\"04c49cd\" data-element_type=\"column\">\r\n        <div class=\"elementor-widget-wrap elementor-element-populated\">\r\n                     \r\n        \t\t<div class=\"elementor-element elementor-element-907c2f5 elementor-widget elementor-widget-pxl_contact_form\" data-id=\"907c2f5\" data-element_type=\"widget\" data-widget_type=\"pxl_contact_form.default\">\n\t\t\t\t<div class=\"elementor-widget-container\">\n\t\t\t\t\t    <div class=\"pxl-contact-form pxl-contact-form1 btn-w-auto\" data-wow-delay=\"ms\">\r\n        \n<div class=\"wpcf7 no-js\" id=\"wpcf7-f2535-o1\" lang=\"en-US\" dir=\"ltr\" data-wpcf7-id=\"2535\">\n<div class=\"screen-reader-response\"><p role=\"status\" aria-live=\"polite\" aria-atomic=\"true\"><\/p> <ul><\/ul><\/div>\n<form action=\"\/pt\/wp-json\/wp\/v2\/pages\/2508#wpcf7-f2535-o1\" method=\"post\" class=\"wpcf7-form init\" aria-label=\"Contact form\" enctype=\"multipart\/form-data\" novalidate=\"novalidate\" data-status=\"init\" data-trp-original-action=\"\/pt\/wp-json\/wp\/v2\/pages\/2508#wpcf7-f2535-o1\">\n<fieldset class=\"hidden-fields-container\"><input type=\"hidden\" name=\"_wpcf7\" value=\"2535\" \/><input type=\"hidden\" name=\"_wpcf7_version\" value=\"6.1.2\" \/><input type=\"hidden\" name=\"_wpcf7_locale\" value=\"en_US\" \/><input type=\"hidden\" name=\"_wpcf7_unit_tag\" value=\"wpcf7-f2535-o1\" \/><input type=\"hidden\" name=\"_wpcf7_container_post\" value=\"0\" \/><input type=\"hidden\" name=\"_wpcf7_posted_data_hash\" value=\"\" \/>\n<\/fieldset>\n<div class=\"pxl-contact-form4\">\n\t<h4 class=\"pxl-heading\">Candidatar-se a esta posi\u00e7\u00e3o\n\t<\/h4>\n\t<div class=\"pxl-info\">\n\t\t<div class=\"pxl-first-name\">\n\t\t\t<p>Nome pr\u00f3prio<br \/>\n<label><br \/>\n<span class=\"wpcf7-form-control-wrap\" data-name=\"text-405\"><input size=\"40\" maxlength=\"400\" class=\"wpcf7-form-control wpcf7-text wpcf7-validates-as-required\" aria-required=\"true\" aria-invalid=\"false\" placeholder=\"por exemplo, Oliver Spiteri\" value=\"\" type=\"text\" name=\"text-405\" \/><\/span><\/label>\n\t\t\t<\/p>\n\t\t<\/div>\n\t\t<div class=\"pxl-first-name\">\n\t\t\t<p>Apelido<br \/>\n<label><br \/>\n<span class=\"wpcf7-form-control-wrap\" data-name=\"text-405\"><input size=\"40\" maxlength=\"400\" class=\"wpcf7-form-control wpcf7-text wpcf7-validates-as-required\" aria-required=\"true\" aria-invalid=\"false\" placeholder=\"por exemplo, Oliver Spiteri\" value=\"\" type=\"text\" name=\"text-405\" \/><\/span><\/label>\n\t\t\t<\/p>\n\t\t<\/div>\n\t\t<div class=\"pxl-email\">\n\t\t\t<p>Correio eletr\u00f3nico<br \/>\n<label><br \/>\n<span class=\"wpcf7-form-control-wrap\" data-name=\"email-381\"><input size=\"40\" maxlength=\"400\" class=\"wpcf7-form-control wpcf7-email wpcf7-validates-as-required wpcf7-text wpcf7-validates-as-email\" aria-required=\"true\" aria-invalid=\"false\" placeholder=\"example@email.com\" value=\"\" type=\"email\" name=\"email-381\" \/><\/span><\/label>\n\t\t\t<\/p>\n\t\t<\/div>\n\t\t<div class=\"pxl-email\">\n\t\t\t<p>Telefone<br \/>\n<label><br \/>\n<span class=\"wpcf7-form-control-wrap\" data-name=\"tel-91\"><input size=\"40\" maxlength=\"400\" class=\"wpcf7-form-control wpcf7-tel wpcf7-validates-as-required wpcf7-text wpcf7-validates-as-tel\" aria-required=\"true\" aria-invalid=\"false\" placeholder=\"por exemplo, +1 877 217 8371\" value=\"\" type=\"tel\" name=\"tel-91\" \/><\/span><\/label>\n\t\t\t<\/p>\n\t\t<\/div>\n\t\t<div class=\"pxl-address\">\n\t\t\t<p>Endere\u00e7o<br \/>\n<label><br \/>\n<span class=\"wpcf7-form-control-wrap\" data-name=\"text-405\"><input size=\"40\" maxlength=\"400\" class=\"wpcf7-form-control wpcf7-text wpcf7-validates-as-required\" aria-required=\"true\" aria-invalid=\"false\" placeholder=\"localiza\u00e7\u00e3o, EUA\" value=\"\" type=\"text\" name=\"text-405\" \/><\/span><\/label>\n\t\t\t<\/p>\n\t\t<\/div>\n\t\t<div class=\"pxl-city\">\n\t\t\t<p>Cidade<br \/>\n<label><br \/>\n<span class=\"wpcf7-form-control-wrap\" data-name=\"text-405\"><input size=\"40\" maxlength=\"400\" class=\"wpcf7-form-control wpcf7-text wpcf7-validates-as-required\" aria-required=\"true\" aria-invalid=\"false\" placeholder=\"EUA\" value=\"\" type=\"text\" name=\"text-405\" \/><\/span><\/label>\n\t\t\t<\/p>\n\t\t<\/div>\n\t\t<div class=\"pxl-province\">\n\t\t\t<p>Prov\u00edncia<br \/>\n<label><br \/>\n<span class=\"wpcf7-form-control-wrap\" data-name=\"text-405\"><input size=\"40\" maxlength=\"400\" class=\"wpcf7-form-control wpcf7-text wpcf7-validates-as-required\" aria-required=\"true\" aria-invalid=\"false\" placeholder=\"Prov\u00edncia\" value=\"\" type=\"text\" name=\"text-405\" \/><\/span><\/label>\n\t\t\t<\/p>\n\t\t<\/div>\n\t\t<div class=\"pxl-province\">\n\t\t\t<p>C\u00f3digo Postal<br \/>\n<label><br \/>\n<span class=\"wpcf7-form-control-wrap\" data-name=\"text-405\"><input size=\"40\" maxlength=\"400\" class=\"wpcf7-form-control wpcf7-text wpcf7-validates-as-required\" aria-required=\"true\" aria-invalid=\"false\" placeholder=\"9200\" value=\"\" type=\"text\" name=\"text-405\" \/><\/span><\/label>\n\t\t\t<\/p>\n\t\t<\/div>\n\t\t<div class=\"pxl-country\">\n\t\t\t<p>Pa\u00eds<br \/>\n<label><br \/>\n<span class=\"wpcf7-form-control-wrap\" data-name=\"menu-251\"><select class=\"wpcf7-form-control wpcf7-select wpcf7-validates-as-required\" aria-required=\"true\" aria-invalid=\"false\" name=\"menu-251\"><option value=\"Korea (North)\">Coreia (do Norte)<\/option><option value=\"Korea\">Coreia<\/option><option value=\"USA\">EUA<\/option><option value=\"Japan\">Jap\u00e3o<\/option><\/select><\/span><\/label>\n\t\t\t<\/p>\n\t\t<\/div>\n\t<\/div>\n\t<div class=\"form-fieldset\">\n\t\t<div class=\"pxl-file-upload-field\">\n\t\t\t<div class=\"pxl-file1\">\n\t\t\t\t<p>Carta de apresenta\u00e7\u00e3o<br \/>\n<label><br \/>\n<span class=\"wpcf7-form-control-wrap\" data-name=\"file-161\"><input size=\"40\" class=\"wpcf7-form-control wpcf7-file\" accept=\"audio\/*,video\/*,image\/*\" aria-invalid=\"false\" type=\"file\" name=\"file-161\" \/><\/span><\/label>\n\t\t\t\t<\/p>\n\t\t\t<\/div>\n\t\t\t<div class=\"pxl-file2\">\n\t\t\t\t<p>Curr\u00edculo<br \/>\n<label><br \/>\n<span class=\"wpcf7-form-control-wrap\" data-name=\"file-813\"><input size=\"40\" class=\"wpcf7-form-control wpcf7-file\" accept=\"audio\/*,video\/*,image\/*\" aria-invalid=\"false\" type=\"file\" name=\"file-813\" \/><\/span><\/label>\n\t\t\t\t<\/p>\n\t\t\t<\/div>\n\t\t\t<div class=\"pxl-date-picker\">\n\t\t\t\t<p>data dispon\u00edvel<br \/>\n<label><br \/>\n<span class=\"wpcf7-form-control-wrap\" data-name=\"date-315\"><input class=\"wpcf7-form-control wpcf7-date wpcf7-validates-as-date\" aria-invalid=\"false\" value=\"\" type=\"date\" name=\"date-315\" \/><\/span><\/label>\n\t\t\t\t<\/p>\n\t\t\t<\/div>\n\t\t\t<div class=\"pxl-salary-input\">\n\t\t\t\t<p>remunera\u00e7\u00e3o pretendida<br \/>\n<label><br \/>\n<span class=\"wpcf7-form-control-wrap\" data-name=\"text-490\"><input size=\"40\" maxlength=\"400\" class=\"wpcf7-form-control wpcf7-text\" aria-invalid=\"false\" placeholder=\"$30,000 USD\" value=\"\" type=\"text\" name=\"text-490\" \/><\/span><\/label>\n\t\t\t\t<\/p>\n\t\t\t<\/div>\n\t\t<\/div>\n\t<\/div>\n\t<div class=\"profile-links\">\n\t\t<div class=\"pxl-website\">\n\t\t\t<p>S\u00edtio Web ou portef\u00f3lio<br \/>\n<span class=\"wpcf7-form-control-wrap\" data-name=\"url-739\"><input size=\"40\" maxlength=\"400\" class=\"wpcf7-form-control wpcf7-url wpcf7-validates-as-required wpcf7-text wpcf7-validates-as-url\" aria-required=\"true\" aria-invalid=\"false\" placeholder=\"https:\/\/dribbble.com\/shots\/245872\" value=\"\" type=\"url\" name=\"url-739\" \/><\/span>\n\t\t\t<\/p>\n\t\t<\/div>\n\t\t<div class=\"pxl-linkedin\">\n\t\t\t<p>URL do perfil do LinkedIn<br \/>\n<svg xmlns=\"http:\/\/www.w3.org\/2000\/svg\" width=\"16\" height=\"16\" viewbox=\"0 0 16 16\" fill=\"none\">\n\t\t\t\t<g clip-path=\"url(#clip0_77_1590)\">\n\t\t\t\t\t<path d=\"M14.1955 0.733398H1.80422C1.52177 0.734223 1.25112 0.846791 1.0514 1.04652C0.851674 1.24624 0.739106 1.51689 0.738281 1.79934V14.1906C0.739106 14.473 0.851674 14.7437 1.0514 14.9434C1.25112 15.1431 1.52177 15.2557 1.80422 15.2565H14.1955C14.4779 15.2557 14.7486 15.1431 14.9483 14.9434C15.148 14.7437 15.2606 14.473 15.2614 14.1906V1.79934C15.2606 1.51689 15.148 1.24624 14.9483 1.04652C14.7486 0.846791 14.4779 0.734223 14.1955 0.733398ZM5.12047 13.1084H2.98078V6.19152H5.12047V13.1084ZM4.05078 5.22152C3.80016 5.22152 3.55516 5.1472 3.34677 5.00796C3.13838 4.86872 2.97596 4.67082 2.88005 4.43927C2.78414 4.20772 2.75905 3.95293 2.80794 3.70712C2.85684 3.46131 2.97752 3.23552 3.15474 3.0583C3.33196 2.88108 3.55775 2.76039 3.80357 2.7115C4.04938 2.6626 4.30416 2.6877 4.53571 2.78361C4.76726 2.87952 4.96517 3.04194 5.10441 3.25032C5.24365 3.45871 5.31797 3.70371 5.31797 3.95434C5.31801 4.12076 5.28526 4.28556 5.22159 4.43932C5.15793 4.59308 5.06459 4.73279 4.94691 4.85046C4.82923 4.96814 4.68952 5.06148 4.53576 5.12515C4.382 5.18882 4.2172 5.22156 4.05078 5.22152ZM13.2161 13.11H11.0623V9.31559C11.0623 9.31559 11.1127 8.55496 10.7058 8.15934C10.3358 7.80027 9.82141 7.88809 9.82141 7.88809C9.82141 7.88809 9.24922 7.90246 8.93703 8.38809C8.74953 8.67965 8.69453 9.07715 8.68047 9.34746V13.11H6.54047V6.19152H8.68016V7.02465C8.87391 6.74934 9.21359 6.38277 9.70703 6.19152C10.457 5.90152 11.1011 5.94402 11.6545 6.1109C12.3486 6.31996 12.7445 6.9034 12.888 7.19027C13.0808 7.57527 13.2161 8.08871 13.2161 8.7309V13.11Z\" fill=\"#0073B6\"\/>\n\t\t\t\t<\/g>\n\t\t\t\t<defs>\n\t\t\t\t\t<clippath id=\"clip0_77_1590\">\n\t\t\t\t\t<rect width=\"16\" height=\"16\" fill=\"white\"\/>\n\t\t\t\t\t<\/clippath>\n\t\t\t\t<\/defs>\n\t\t\t<\/svg><br \/>\n<span class=\"wpcf7-form-control-wrap\" data-name=\"url-8\"><input size=\"40\" maxlength=\"400\" class=\"wpcf7-form-control wpcf7-url wpcf7-validates-as-required wpcf7-text wpcf7-validates-as-url\" aria-required=\"true\" aria-invalid=\"false\" placeholder=\"https:\/\/linkedin.com\/shots\/245872\" value=\"\" type=\"url\" name=\"url-8\" \/><\/span>\n\t\t\t<\/p>\n\t\t<\/div>\n\t<\/div>\n\t<div class=\"pxl-question\">\n\t\t<div class=\"question1\">\n\t\t\t<p>Tem capacidade para trabalhar de acordo com o fuso hor\u00e1rio europeu?<br \/>\n<span class=\"wpcf7-form-control-wrap\" data-name=\"radio-700\"><span class=\"wpcf7-form-control wpcf7-radio\"><span class=\"wpcf7-list-item first\"><label><input type=\"radio\" name=\"radio-700\" value=\"Yes\" checked=\"checked\" \/><span class=\"wpcf7-list-item-label\">Sim<\/span><\/label><\/span><span class=\"wpcf7-list-item last\"><label><input type=\"radio\" name=\"radio-700\" value=\"No\" \/><span class=\"wpcf7-list-item-label\">N\u00e3o<\/span><\/label><\/span><\/span><\/span>\n\t\t\t<\/p>\n\t\t<\/div>\n\t\t<div class=\"question2\">\n\t\t\t<p>Qual \u00e9 o seu n\u00edvel de profici\u00eancia em ingl\u00eas?<br \/>\n<span class=\"wpcf7-form-control-wrap\" data-name=\"radio-149\"><span class=\"wpcf7-form-control wpcf7-radio\"><span class=\"wpcf7-list-item first\"><label><input type=\"radio\" name=\"radio-149\" value=\"Native\" checked=\"checked\" \/><span class=\"wpcf7-list-item-label\">Nativo<\/span><\/label><\/span><span class=\"wpcf7-list-item\"><label><input type=\"radio\" name=\"radio-149\" value=\"Bilingual\" \/><span class=\"wpcf7-list-item-label\">Bilingue<\/span><\/label><\/span><span class=\"wpcf7-list-item\"><label><input type=\"radio\" name=\"radio-149\" value=\"Professional\" \/><span class=\"wpcf7-list-item-label\">Profissional<\/span><\/label><\/span><span class=\"wpcf7-list-item\"><label><input type=\"radio\" name=\"radio-149\" value=\"Limited\" \/><span class=\"wpcf7-list-item-label\">Limitada<\/span><\/label><\/span><span class=\"wpcf7-list-item last\"><label><input type=\"radio\" name=\"radio-149\" value=\"Elementary\" \/><span class=\"wpcf7-list-item-label\">Elementar<\/span><\/label><\/span><\/span><\/span>\n\t\t\t<\/p>\n\t\t<\/div>\n\t\t<div class=\"question3\">\n\t\t\t<p>Onde \u00e9 que soube desta vaga de emprego?<br \/>\n<span class=\"wpcf7-form-control-wrap\" data-name=\"radio-149\"><span class=\"wpcf7-form-control wpcf7-radio\"><span class=\"wpcf7-list-item first\"><label><input type=\"radio\" name=\"radio-149\" value=\"Instagram\" checked=\"checked\" \/><span class=\"wpcf7-list-item-label\">Instagram<\/span><\/label><\/span><span class=\"wpcf7-list-item\"><label><input type=\"radio\" name=\"radio-149\" value=\"Linkedin\" \/><span class=\"wpcf7-list-item-label\">Linkedin<\/span><\/label><\/span><span class=\"wpcf7-list-item\"><label><input type=\"radio\" name=\"radio-149\" value=\"ThemeXriver Agency website\" \/><span class=\"wpcf7-list-item-label\">S\u00edtio Web da Ag\u00eancia ThemeXriver<\/span><\/label><\/span><span class=\"wpcf7-list-item\"><label><input type=\"radio\" name=\"radio-149\" value=\"Glassdoor \/ Indeed\" \/><span class=\"wpcf7-list-item-label\">Glassdoor \/ Indeed<\/span><\/label><\/span><span class=\"wpcf7-list-item last\"><label><input type=\"radio\" name=\"radio-149\" value=\"Other\" \/><span class=\"wpcf7-list-item-label\">Outros<\/span><\/label><\/span><\/span><\/span>\n\t\t\t<\/p>\n\t\t<\/div>\n\t\t<div class=\"pxl-last-checkbox\">\n\t\t\t<p><span class=\"wpcf7-form-control-wrap\" data-name=\"checkbox-31\"><span class=\"wpcf7-form-control wpcf7-checkbox wpcf7-validates-as-required\"><span class=\"wpcf7-list-item first last\"><label><input type=\"checkbox\" name=\"checkbox-31[]\" value=\"I agree that BB Agency can keep my application in their candidate database and reach out to me regarding future oppotunities\" \/><span class=\"wpcf7-list-item-label\">Autorizo a BB Agency a manter a minha candidatura na sua base de dados de candidatos e a contactar-me relativamente a futuras oportunidades<\/span><\/label><\/span><\/span><\/span>\n\t\t\t<\/p>\n\t\t<\/div>\n\t<\/div>\n\t<div class=\"contact-submit\">\n\t\t<p><button class=\"btn pxl-icon-active btn-block-inline  btn-icon-box4 pxl-icon--right\" type=\"submit\" data-animation=\"pxl-xspin\"><br \/>\n<span class=\"pxl--btn-icon\"><br \/>\n<i aria-hidden=\"true\" class=\"flaticon flaticon-next\"><\/i><br \/>\n<\/span><br \/>\n<span class=\"pxl--btn-text\" data-text=\"Contact Us\"><br \/>\nEnviar agora<br \/>\n<\/span><br \/>\n<\/button>\n\t\t<\/p>\n\t<\/div>\n<\/div><div class=\"wpcf7-response-output\" aria-hidden=\"true\"><\/div>\n<input type=\"hidden\" name=\"trp-form-language\" value=\"pt\"\/><\/form>\n<\/div>\n    <\/div>\r\n\t\t\t\t<\/div>\n\t\t\t\t<\/div>\n\t\t            <\/div>\r\n        <\/div>\r\n        \t\t\t<\/div>\n\t\t<\/section>\n\t\t            <\/div>\r\n        <\/div>\r\n        \t\t\t<\/div>\n\t\t<\/section>\n\t\t\t\t<\/div>","protected":false},"excerpt":{"rendered":"<p>Technology Engineer Back to Career Page Apply for this Position First Name Last Name Email Phone Address City Province Postal Code Country Korea (North)KoreaUSAJapan Cover Letter Resume date available desired pay Website or Portfolio LinkedIn Profile URL Are you able to work according to the European time zone? YesNo What is your level of proficiency [&hellip;]<\/p>\n","protected":false},"author":1,"featured_media":0,"parent":0,"menu_order":0,"comment_status":"closed","ping_status":"closed","template":"","meta":{"footnotes":""},"class_list":["post-2508","page","type-page","status-publish","hentry"],"aioseo_notices":[],"_hostinger_reach_plugin_has_subscription_block":false,"_hostinger_reach_plugin_is_elementor":false,"_links":{"self":[{"href":"https:\/\/novahumanaiusa.com\/pt\/wp-json\/wp\/v2\/pages\/2508","targetHints":{"allow":["GET"]}}],"collection":[{"href":"https:\/\/novahumanaiusa.com\/pt\/wp-json\/wp\/v2\/pages"}],"about":[{"href":"https:\/\/novahumanaiusa.com\/pt\/wp-json\/wp\/v2\/types\/page"}],"author":[{"embeddable":true,"href":"https:\/\/novahumanaiusa.com\/pt\/wp-json\/wp\/v2\/users\/1"}],"replies":[{"embeddable":true,"href":"https:\/\/novahumanaiusa.com\/pt\/wp-json\/wp\/v2\/comments?post=2508"}],"version-history":[{"count":0,"href":"https:\/\/novahumanaiusa.com\/pt\/wp-json\/wp\/v2\/pages\/2508\/revisions"}],"wp:attachment":[{"href":"https:\/\/novahumanaiusa.com\/pt\/wp-json\/wp\/v2\/media?parent=2508"}],"curies":[{"name":"wp","href":"https:\/\/api.w.org\/{rel}","templated":true}]}}