{"id":1285,"date":"2024-09-03T10:19:06","date_gmt":"2024-09-03T10:19:06","guid":{"rendered":"https:\/\/demo.casethemes.net\/aimo\/our-projects-page-1-copy\/"},"modified":"2024-09-03T10:19:06","modified_gmt":"2024-09-03T10:19:06","slug":"os-nossos-projectos-2","status":"publish","type":"page","link":"https:\/\/novahumanaiusa.com\/pt\/os-nossos-projectos-2\/","title":{"rendered":"Os nossos projectos 2"},"content":{"rendered":"\t\t<div data-elementor-type=\"wp-page\" data-elementor-id=\"1285\" class=\"elementor elementor-1285\">\n\t\t\t\t        <section class=\"elementor-section elementor-top-section elementor-element elementor-element-5402577 elementor-section-stretched elementor-section-boxed elementor-section-height-default elementor-section-height-default pxl-row-scroll-none none pxl-zoom-point-false pxl-section-overflow-visible pxl-section-fix-none pxl-bg-color-none pxl-section-overlay-none\" data-id=\"5402577\" data-element_type=\"section\" data-settings=\"{&quot;stretch_section&quot;:&quot;section-stretched&quot;}\">\n\n                \n                <div class=\"elementor-container elementor-column-gap-extended \">\n                <div class=\"elementor-column elementor-col-100 elementor-top-column elementor-element elementor-element-5316901 pxl-column-none pxl-column-overflow-hidden-no\" data-id=\"5316901\" data-element_type=\"column\">\r\n        <div class=\"elementor-widget-wrap elementor-element-populated\">\r\n                     \r\n        \t\t<div class=\"elementor-element elementor-element-62c6b46 pxl-post-layout-portfolio-1 elementor-widget elementor-widget-pxl_post_grid\" data-id=\"62c6b46\" data-element_type=\"widget\" data-widget_type=\"pxl_post_grid.default\">\n\t\t\t\t<div class=\"elementor-widget-container\">\n\t\t\t\t\t\n<div id=\"pxl_post_grid-62c6b46-6626\" class=\"pxl-grid pxl-portfolio-grid pxl-portfolio-grid-layout1 pxl-portfolio-style1\" data-start-page=\"1\" data-max-pages=\"2\" data-total=\"16\" data-perpage=\"12\" data-next-link=\"https:\/\/novahumanaiusa.com\/wp-json\/wp\/v2\/pages\/1285\/page\/2\/\" data-loadmore=\"{&quot;tax&quot;:[&quot;portfolio-category&quot;],&quot;post_type&quot;:&quot;portfolio&quot;,&quot;layout&quot;:&quot;portfolio-1&quot;,&quot;startPage&quot;:1,&quot;maxPages&quot;:2,&quot;total&quot;:16,&quot;filter&quot;:&quot;false&quot;,&quot;filter_type&quot;:&quot;normal&quot;,&quot;perpage&quot;:12,&quot;nextLink&quot;:&quot;https:\\\/\\\/novahumanaiusa.com\\\/wp-json\\\/wp\\\/v2\\\/pages\\\/1285\\\/page\\\/2\\\/&quot;,&quot;source&quot;:&quot;&quot;,&quot;orderby&quot;:&quot;date&quot;,&quot;order&quot;:&quot;asc&quot;,&quot;limit&quot;:12,&quot;post_ids&quot;:[],&quot;col_xl&quot;:4,&quot;col_lg&quot;:4,&quot;col_md&quot;:4,&quot;col_sm&quot;:6,&quot;col_xs&quot;:12,&quot;pagination_type&quot;:&quot;pagination&quot;,&quot;show_category&quot;:&quot;true&quot;,&quot;show_button&quot;:&quot;true&quot;,&quot;button_box_gradient&quot;:&quot;style-1&quot;,&quot;img_size&quot;:&quot;&quot;,&quot;grid_masonry&quot;:&quot;&quot;,&quot;pxl_animate&quot;:&quot;&quot;}\">\n    \n    <div class=\"pxl-grid-inner pxl-grid-masonry row\" data-gutter=\"15\">\n                        <div class=\"pxl-grid-item col-xl-4 col-lg-4 col-md-4 col-sm-6 col-12 ai-design\">\n                    <div class=\"pxl-post--inner \" data-wow-duration=\"1.2s\">\n                                                <div class=\"pxl-post--featured hover-imge-effect3\">\n                            <a href=\"https:\/\/novahumanaiusa.com\/pt\/portfolio\/ai-retails-optimization\/\"><img fetchpriority=\"high\" decoding=\"async\" class=\"\" src=\"https:\/\/novahumanaiusa.com\/wp-content\/uploads\/2024\/08\/service-img1-1-565x400.webp\" width=\"565\" height=\"400\" alt=\"service-img1\" title=\"service-img1\" \/><\/a>    \n                        <\/div>\n                        <a class=\"pxl-link\" href=\"https:\/\/novahumanaiusa.com\/pt\/portfolio\/ai-retails-optimization\/\"><\/a>   \n                        <div class=\"pxl-post--holder\">\n                            <div class=\"pxl-post--meta\">\n                                <h5 class=\"pxl-post--title\">AI Retails Optimization<\/h5>\n                            <\/div>\n                                                            <a class=\"pxl-post--readmore pxl-fl-middle \" href=\"https:\/\/novahumanaiusa.com\/pt\/portfolio\/ai-retails-optimization\/\">\n                                    <i aria-hidden=\"true\" class=\"flaticon flaticon-next\"><\/i>\n                                <\/a>\n                                                    <\/div>\n                    <\/div>\n                <\/div>\n                                    <div class=\"pxl-grid-item col-xl-4 col-lg-4 col-md-4 col-sm-6 col-12 ai-design\">\n                    <div class=\"pxl-post--inner \" data-wow-duration=\"1.2s\">\n                                                <div class=\"pxl-post--featured hover-imge-effect3\">\n                            <a href=\"https:\/\/novahumanaiusa.com\/pt\/portfolio\/ai-chatbot-integration\/\"><img decoding=\"async\" class=\"\" src=\"https:\/\/novahumanaiusa.com\/wp-content\/uploads\/2024\/09\/project-img2-565x400.webp\" width=\"565\" height=\"400\" alt=\"project-img2\" title=\"project-img2\" \/><\/a>    \n                        <\/div>\n                        <a class=\"pxl-link\" href=\"https:\/\/novahumanaiusa.com\/pt\/portfolio\/ai-chatbot-integration\/\"><\/a>   \n                        <div class=\"pxl-post--holder\">\n                            <div class=\"pxl-post--meta\">\n                                <h5 class=\"pxl-post--title\">AI Chatbot Integration<\/h5>\n                            <\/div>\n                                                            <a class=\"pxl-post--readmore pxl-fl-middle \" href=\"https:\/\/novahumanaiusa.com\/pt\/portfolio\/ai-chatbot-integration\/\">\n                                    <i aria-hidden=\"true\" class=\"flaticon flaticon-next\"><\/i>\n                                <\/a>\n                                                    <\/div>\n                    <\/div>\n                <\/div>\n                                    <div class=\"pxl-grid-item col-xl-4 col-lg-4 col-md-4 col-sm-6 col-12 ai-design\">\n                    <div class=\"pxl-post--inner \" data-wow-duration=\"1.2s\">\n                                                <div class=\"pxl-post--featured hover-imge-effect3\">\n                            <a href=\"https:\/\/novahumanaiusa.com\/pt\/portfolio\/ai-driven-marketing-analytics\/\"><img decoding=\"async\" class=\"\" src=\"https:\/\/novahumanaiusa.com\/wp-content\/uploads\/2024\/09\/project-img3-565x400.webp\" width=\"565\" height=\"400\" alt=\"project-img3\" title=\"project-img3\" \/><\/a>    \n                        <\/div>\n                        <a class=\"pxl-link\" href=\"https:\/\/novahumanaiusa.com\/pt\/portfolio\/ai-driven-marketing-analytics\/\"><\/a>   \n                        <div class=\"pxl-post--holder\">\n                            <div class=\"pxl-post--meta\">\n                                <h5 class=\"pxl-post--title\">AI-Driven Marketing Analytics<\/h5>\n                            <\/div>\n                                                            <a class=\"pxl-post--readmore pxl-fl-middle \" href=\"https:\/\/novahumanaiusa.com\/pt\/portfolio\/ai-driven-marketing-analytics\/\">\n                                    <i aria-hidden=\"true\" class=\"flaticon flaticon-next\"><\/i>\n                                <\/a>\n                                                    <\/div>\n                    <\/div>\n                <\/div>\n                                    <div class=\"pxl-grid-item col-xl-4 col-lg-4 col-md-4 col-sm-6 col-12 ai-design\">\n                    <div class=\"pxl-post--inner \" data-wow-duration=\"1.2s\">\n                                                <div class=\"pxl-post--featured hover-imge-effect3\">\n                            <a href=\"https:\/\/novahumanaiusa.com\/pt\/portfolio\/renewable-energy-optimization\/\"><img fetchpriority=\"high\" decoding=\"async\" class=\"\" src=\"https:\/\/novahumanaiusa.com\/wp-content\/uploads\/2024\/08\/service-img1-1-565x400.webp\" width=\"565\" height=\"400\" alt=\"service-img1\" title=\"service-img1\" \/><\/a>    \n                        <\/div>\n                        <a class=\"pxl-link\" href=\"https:\/\/novahumanaiusa.com\/pt\/portfolio\/renewable-energy-optimization\/\"><\/a>   \n                        <div class=\"pxl-post--holder\">\n                            <div class=\"pxl-post--meta\">\n                                <h5 class=\"pxl-post--title\">Renewable Energy Optimization<\/h5>\n                            <\/div>\n                                                            <a class=\"pxl-post--readmore pxl-fl-middle \" href=\"https:\/\/novahumanaiusa.com\/pt\/portfolio\/renewable-energy-optimization\/\">\n                                    <i aria-hidden=\"true\" class=\"flaticon flaticon-next\"><\/i>\n                                <\/a>\n                                                    <\/div>\n                    <\/div>\n                <\/div>\n                                    <div class=\"pxl-grid-item col-xl-4 col-lg-4 col-md-4 col-sm-6 col-12 ai-design\">\n                    <div class=\"pxl-post--inner \" data-wow-duration=\"1.2s\">\n                                                <div class=\"pxl-post--featured hover-imge-effect3\">\n                            <a href=\"https:\/\/novahumanaiusa.com\/pt\/portfolio\/ai-retail-optimization\/\"><img fetchpriority=\"high\" decoding=\"async\" class=\"\" src=\"https:\/\/novahumanaiusa.com\/wp-content\/uploads\/2024\/08\/service-img1-1-565x400.webp\" width=\"565\" height=\"400\" alt=\"service-img1\" title=\"service-img1\" \/><\/a>    \n                        <\/div>\n                        <a class=\"pxl-link\" href=\"https:\/\/novahumanaiusa.com\/pt\/portfolio\/ai-retail-optimization\/\"><\/a>   \n                        <div class=\"pxl-post--holder\">\n                            <div class=\"pxl-post--meta\">\n                                <h5 class=\"pxl-post--title\">AI Retail Optimization<\/h5>\n                            <\/div>\n                                                            <a class=\"pxl-post--readmore pxl-fl-middle \" href=\"https:\/\/novahumanaiusa.com\/pt\/portfolio\/ai-retail-optimization\/\">\n                                    <i aria-hidden=\"true\" class=\"flaticon flaticon-next\"><\/i>\n                                <\/a>\n                                                    <\/div>\n                    <\/div>\n                <\/div>\n                                    <div class=\"pxl-grid-item col-xl-4 col-lg-4 col-md-4 col-sm-6 col-12 ai-design\">\n                    <div class=\"pxl-post--inner \" data-wow-duration=\"1.2s\">\n                                                <div class=\"pxl-post--featured hover-imge-effect3\">\n                            <a href=\"https:\/\/novahumanaiusa.com\/pt\/portfolio\/academic-performance\/\"><img loading=\"lazy\" decoding=\"async\" class=\"\" src=\"https:\/\/novahumanaiusa.com\/wp-content\/uploads\/2024\/08\/img-sg-post8-565x400.webp\" width=\"565\" height=\"400\" alt=\"img-sg-post8\" title=\"img-sg-post8\" \/><\/a>    \n                        <\/div>\n                        <a class=\"pxl-link\" href=\"https:\/\/novahumanaiusa.com\/pt\/portfolio\/academic-performance\/\"><\/a>   \n                        <div class=\"pxl-post--holder\">\n                            <div class=\"pxl-post--meta\">\n                                <h5 class=\"pxl-post--title\">Academic Performance<\/h5>\n                            <\/div>\n                                                            <a class=\"pxl-post--readmore pxl-fl-middle \" href=\"https:\/\/novahumanaiusa.com\/pt\/portfolio\/academic-performance\/\">\n                                    <i aria-hidden=\"true\" class=\"flaticon flaticon-next\"><\/i>\n                                <\/a>\n                                                    <\/div>\n                    <\/div>\n                <\/div>\n                                    <div class=\"pxl-grid-item col-xl-4 col-lg-4 col-md-4 col-sm-6 col-12 ai-design\">\n                    <div class=\"pxl-post--inner \" data-wow-duration=\"1.2s\">\n                                                <div class=\"pxl-post--featured hover-imge-effect3\">\n                            <a href=\"https:\/\/novahumanaiusa.com\/pt\/portfolio\/ai-retail-optimization-2\/\"><img loading=\"lazy\" decoding=\"async\" class=\"\" src=\"https:\/\/novahumanaiusa.com\/wp-content\/uploads\/2024\/09\/project-img7-565x400.webp\" width=\"565\" height=\"400\" alt=\"project-img7\" title=\"project-img7\" \/><\/a>    \n                        <\/div>\n                        <a class=\"pxl-link\" href=\"https:\/\/novahumanaiusa.com\/pt\/portfolio\/ai-retail-optimization-2\/\"><\/a>   \n                        <div class=\"pxl-post--holder\">\n                            <div class=\"pxl-post--meta\">\n                                <h5 class=\"pxl-post--title\">AI Retail Optimization<\/h5>\n                            <\/div>\n                                                            <a class=\"pxl-post--readmore pxl-fl-middle \" href=\"https:\/\/novahumanaiusa.com\/pt\/portfolio\/ai-retail-optimization-2\/\">\n                                    <i aria-hidden=\"true\" class=\"flaticon flaticon-next\"><\/i>\n                                <\/a>\n                                                    <\/div>\n                    <\/div>\n                <\/div>\n                                    <div class=\"pxl-grid-item col-xl-4 col-lg-4 col-md-4 col-sm-6 col-12 ai-design\">\n                    <div class=\"pxl-post--inner \" data-wow-duration=\"1.2s\">\n                                                <div class=\"pxl-post--featured hover-imge-effect3\">\n                            <a href=\"https:\/\/novahumanaiusa.com\/pt\/portfolio\/ai-financial-fraud-detection\/\"><img loading=\"lazy\" decoding=\"async\" class=\"\" src=\"https:\/\/novahumanaiusa.com\/wp-content\/uploads\/2024\/09\/project-img8-565x400.webp\" width=\"565\" height=\"400\" alt=\"project-img8\" title=\"project-img8\" \/><\/a>    \n                        <\/div>\n                        <a class=\"pxl-link\" href=\"https:\/\/novahumanaiusa.com\/pt\/portfolio\/ai-financial-fraud-detection\/\"><\/a>   \n                        <div class=\"pxl-post--holder\">\n                            <div class=\"pxl-post--meta\">\n                                <h5 class=\"pxl-post--title\">AI Financial Fraud Detection<\/h5>\n                            <\/div>\n                                                            <a class=\"pxl-post--readmore pxl-fl-middle \" href=\"https:\/\/novahumanaiusa.com\/pt\/portfolio\/ai-financial-fraud-detection\/\">\n                                    <i aria-hidden=\"true\" class=\"flaticon flaticon-next\"><\/i>\n                                <\/a>\n                                                    <\/div>\n                    <\/div>\n                <\/div>\n                                    <div class=\"pxl-grid-item col-xl-4 col-lg-4 col-md-4 col-sm-6 col-12 ai-design\">\n                    <div class=\"pxl-post--inner \" data-wow-duration=\"1.2s\">\n                                                <div class=\"pxl-post--featured hover-imge-effect3\">\n                            <a href=\"https:\/\/novahumanaiusa.com\/pt\/portfolio\/ai-retail-optimization-3\/\"><img loading=\"lazy\" decoding=\"async\" class=\"\" src=\"https:\/\/novahumanaiusa.com\/wp-content\/uploads\/2024\/09\/project-img9-565x400.webp\" width=\"565\" height=\"400\" alt=\"project-img9\" title=\"project-img9\" \/><\/a>    \n                        <\/div>\n                        <a class=\"pxl-link\" href=\"https:\/\/novahumanaiusa.com\/pt\/portfolio\/ai-retail-optimization-3\/\"><\/a>   \n                        <div class=\"pxl-post--holder\">\n                            <div class=\"pxl-post--meta\">\n                                <h5 class=\"pxl-post--title\">AI Retail Optimization<\/h5>\n                            <\/div>\n                                                            <a class=\"pxl-post--readmore pxl-fl-middle \" href=\"https:\/\/novahumanaiusa.com\/pt\/portfolio\/ai-retail-optimization-3\/\">\n                                    <i aria-hidden=\"true\" class=\"flaticon flaticon-next\"><\/i>\n                                <\/a>\n                                                    <\/div>\n                    <\/div>\n                <\/div>\n                                    <div class=\"pxl-grid-item col-xl-4 col-lg-4 col-md-4 col-sm-6 col-12 ai-design\">\n                    <div class=\"pxl-post--inner \" data-wow-duration=\"1.2s\">\n                                                <div class=\"pxl-post--featured hover-imge-effect3\">\n                            <a href=\"https:\/\/novahumanaiusa.com\/pt\/portfolio\/renewable-energy-optimization-2\/\"><img fetchpriority=\"high\" decoding=\"async\" class=\"\" src=\"https:\/\/novahumanaiusa.com\/wp-content\/uploads\/2024\/08\/service-img1-1-565x400.webp\" width=\"565\" height=\"400\" alt=\"service-img1\" title=\"service-img1\" \/><\/a>    \n                        <\/div>\n                        <a class=\"pxl-link\" href=\"https:\/\/novahumanaiusa.com\/pt\/portfolio\/renewable-energy-optimization-2\/\"><\/a>   \n                        <div class=\"pxl-post--holder\">\n                            <div class=\"pxl-post--meta\">\n                                <h5 class=\"pxl-post--title\">Renewable Energy Optimization<\/h5>\n                            <\/div>\n                                                            <a class=\"pxl-post--readmore pxl-fl-middle \" href=\"https:\/\/novahumanaiusa.com\/pt\/portfolio\/renewable-energy-optimization-2\/\">\n                                    <i aria-hidden=\"true\" class=\"flaticon flaticon-next\"><\/i>\n                                <\/a>\n                                                    <\/div>\n                    <\/div>\n                <\/div>\n                                    <div class=\"pxl-grid-item col-xl-4 col-lg-4 col-md-4 col-sm-6 col-12 ai-design\">\n                    <div class=\"pxl-post--inner \" data-wow-duration=\"1.2s\">\n                                                <div class=\"pxl-post--featured hover-imge-effect3\">\n                            <a href=\"https:\/\/novahumanaiusa.com\/pt\/portfolio\/ai-retail-optimization-4\/\"><img fetchpriority=\"high\" decoding=\"async\" class=\"\" src=\"https:\/\/novahumanaiusa.com\/wp-content\/uploads\/2024\/08\/service-img1-1-565x400.webp\" width=\"565\" height=\"400\" alt=\"service-img1\" title=\"service-img1\" \/><\/a>    \n                        <\/div>\n                        <a class=\"pxl-link\" href=\"https:\/\/novahumanaiusa.com\/pt\/portfolio\/ai-retail-optimization-4\/\"><\/a>   \n                        <div class=\"pxl-post--holder\">\n                            <div class=\"pxl-post--meta\">\n                                <h5 class=\"pxl-post--title\">AI Retail Optimization<\/h5>\n                            <\/div>\n                                                            <a class=\"pxl-post--readmore pxl-fl-middle \" href=\"https:\/\/novahumanaiusa.com\/pt\/portfolio\/ai-retail-optimization-4\/\">\n                                    <i aria-hidden=\"true\" class=\"flaticon flaticon-next\"><\/i>\n                                <\/a>\n                                                    <\/div>\n                    <\/div>\n                <\/div>\n                                    <div class=\"pxl-grid-item col-xl-4 col-lg-4 col-md-4 col-sm-6 col-12 ai-design\">\n                    <div class=\"pxl-post--inner \" data-wow-duration=\"1.2s\">\n                                                <div class=\"pxl-post--featured hover-imge-effect3\">\n                            <a href=\"https:\/\/novahumanaiusa.com\/pt\/portfolio\/ai-driven-marketing-analytics-2\/\"><img loading=\"lazy\" decoding=\"async\" class=\"\" src=\"https:\/\/novahumanaiusa.com\/wp-content\/uploads\/2024\/09\/project-img12-565x400.webp\" width=\"565\" height=\"400\" alt=\"project-img12\" title=\"project-img12\" \/><\/a>    \n                        <\/div>\n                        <a class=\"pxl-link\" href=\"https:\/\/novahumanaiusa.com\/pt\/portfolio\/ai-driven-marketing-analytics-2\/\"><\/a>   \n                        <div class=\"pxl-post--holder\">\n                            <div class=\"pxl-post--meta\">\n                                <h5 class=\"pxl-post--title\">AI-driven Marketing Analytics<\/h5>\n                            <\/div>\n                                                            <a class=\"pxl-post--readmore pxl-fl-middle \" href=\"https:\/\/novahumanaiusa.com\/pt\/portfolio\/ai-driven-marketing-analytics-2\/\">\n                                    <i aria-hidden=\"true\" class=\"flaticon flaticon-next\"><\/i>\n                                <\/a>\n                                                    <\/div>\n                    <\/div>\n                <\/div>\n                            <div class=\"grid-sizer col-xl-4 col-lg-4 col-md-4 col-sm-6 col-12\"><\/div>\n        \n    <\/div>\n            <div class=\"pxl-grid-pagination\">\n                        <nav class=\"pxl-pagination-wrap ajax\">\n                <div class=\"pxl-pagination-links\">\n                    <span aria-label=\"P\u00e1gina 1\" aria-current=\"page\" class=\"page-numbers current\"><span>1<\/span><\/span>\n<a aria-label=\"P\u00e1gina 2\" class=\"page-numbers\" href=\"#2\"><span>2<\/span><\/a>\n<a class=\"next page-numbers\" href=\"#2\"><i class=\"caseicon-double-chevron-right\"><\/i><\/a>                <\/div>\n            <\/nav>\n                    <\/div>\n        <\/div>\t\t\t\t<\/div>\n\t\t\t\t<\/div>\n\t\t            <\/div>\r\n        <\/div>\r\n        \t\t\t<\/div>\n\t\t<\/section>\n\t\t\t\t<\/div>\n\t\t","protected":false},"excerpt":{"rendered":"<p>Otimiza\u00e7\u00e3o de retalho com IA Integra\u00e7\u00e3o de chatbot An\u00e1lise de marketing orientada para a IA Otimiza\u00e7\u00e3o de energias renov\u00e1veis Otimiza\u00e7\u00e3o de retalho com IA Desempenho acad\u00e9mico Otimiza\u00e7\u00e3o de retalho com IA Otimiza\u00e7\u00e3o de retalho com IA Dete\u00e7\u00e3o de fraudes financeiras Otimiza\u00e7\u00e3o de retalho com IA Otimiza\u00e7\u00e3o de energias renov\u00e1veis Otimiza\u00e7\u00e3o de retalho com IA An\u00e1lise de marketing orientada para a IA \u00a0<\/p>","protected":false},"author":1,"featured_media":0,"parent":0,"menu_order":0,"comment_status":"closed","ping_status":"closed","template":"","meta":{"footnotes":""},"class_list":["post-1285","page","type-page","status-publish","hentry"],"aioseo_notices":[],"_hostinger_reach_plugin_has_subscription_block":false,"_hostinger_reach_plugin_is_elementor":false,"_links":{"self":[{"href":"https:\/\/novahumanaiusa.com\/pt\/wp-json\/wp\/v2\/pages\/1285","targetHints":{"allow":["GET"]}}],"collection":[{"href":"https:\/\/novahumanaiusa.com\/pt\/wp-json\/wp\/v2\/pages"}],"about":[{"href":"https:\/\/novahumanaiusa.com\/pt\/wp-json\/wp\/v2\/types\/page"}],"author":[{"embeddable":true,"href":"https:\/\/novahumanaiusa.com\/pt\/wp-json\/wp\/v2\/users\/1"}],"replies":[{"embeddable":true,"href":"https:\/\/novahumanaiusa.com\/pt\/wp-json\/wp\/v2\/comments?post=1285"}],"version-history":[{"count":0,"href":"https:\/\/novahumanaiusa.com\/pt\/wp-json\/wp\/v2\/pages\/1285\/revisions"}],"wp:attachment":[{"href":"https:\/\/novahumanaiusa.com\/pt\/wp-json\/wp\/v2\/media?parent=1285"}],"curies":[{"name":"wp","href":"https:\/\/api.w.org\/{rel}","templated":true}]}}